{"id":189,"date":"2023-10-01T16:30:49","date_gmt":"2023-10-01T14:30:49","guid":{"rendered":"http:\/\/freifunk-dueren.de\/?page_id=189"},"modified":"2023-10-01T17:29:40","modified_gmt":"2023-10-01T15:29:40","slug":"freifunk-basiswissen","status":"publish","type":"page","link":"http:\/\/ffdn.int\/?page_id=189","title":{"rendered":"Freifunk Basiswissen"},"content":{"rendered":"\n<p>Hier gibt es eine kurze, nicht zu technische \u00dcbersicht \u00fcber die Funktion von Freifunk im eigenen Netzwerk.<\/p>\n\n\n\n<h3 class=\"wp-block-heading\">Der Ist-Zustand im eigenen Netz (vereinfacht)<\/h3>\n\n\n\n<p>In vielen kleinen Netzwerken, Zuhause oder in der Gastronomie, arbeitet ein WLAN Router. Dieser ist via DSL, V-DSL, Kabel oder einer \u00e4hnlichen Technologien mit dem Internet verbunden. Die Seite mit der Internetanbindung nennt man WAN (<a href=\"http:\/\/de.wikipedia.org\/wiki\/Wide_Area_Network\" target=\"_blank\" rel=\"noreferrer noopener\">Wide Area Network&nbsp;ACHTUNG! \u2013 Externer Link!<sup><\/sup><\/a>).<\/p>\n\n\n\n<p>Auf der anderen Seite des Routers befindet sich das sogenannte LAN (<a href=\"http:\/\/de.wikipedia.org\/wiki\/Local_Area_Network\" target=\"_blank\" rel=\"noreferrer noopener\">Local Area Network&nbsp;ACHTUNG! \u2013 Externer Link!<sup><\/sup><\/a>). Dort ist man entweder direkt mit einem Netzwerkkabel oder \u00fcber das eigene Funknetz (WLAN) mit dem Router verbunden. Das WLAN ist im Regelfall gegen Benutzung durch Dritte verschl\u00fcsselt.<\/p>\n\n\n\n<figure class=\"wp-block-image size-full\"><img decoding=\"async\" loading=\"lazy\" width=\"703\" height=\"350\" src=\"http:\/\/ffdn.int\/wp-content\/uploads\/2023\/10\/01-lokales-netz-ist-zustand1.png\" alt=\"\" class=\"wp-image-190\" srcset=\"http:\/\/ffdn.int\/wp-content\/uploads\/2023\/10\/01-lokales-netz-ist-zustand1.png 703w, http:\/\/ffdn.int\/wp-content\/uploads\/2023\/10\/01-lokales-netz-ist-zustand1-300x149.png 300w\" sizes=\"(max-width: 703px) 100vw, 703px\" \/><\/figure>\n\n\n\n<h3 class=\"wp-block-heading\">Freifunk-Router beschaffen<\/h3>\n\n\n\n<p>Die Freifunker verwenden eine Reihe ganz bestimmter&nbsp; und getesteter WLAN-Router und WLAN-Hardware (eine Kompatibilit\u00e4ts-Liste folgt). Diese m\u00fcssen zur Teilnahme am Freifunk mit einem neuen Betriebssystem (Firmware) versehen werden. Die Software wird von der sehr aktiven Freifunk-Gemeinde stetig entwickelt und gepflegt. Man kann die Software selber aufspielen (flashen) oder bei einem Treffen der lokalen Freifunk-Community einfach ein fabrikneues Ger\u00e4t mit der passenden Software und Einrichtung zum Selbstkostenpreis erwerben. Der Preis f\u00fcr ein gutes Standardger\u00e4t startet bei ca. 15 \u20ac. Alternativ bringt man einen&nbsp;<a href=\"http:\/\/freifunk-dueren.de\/technik\/empfohlene-hardware\/\">empfohlenen Router<\/a>&nbsp;zu einem der Treffen mit und erh\u00e4lt die notwendige Hilfestellung beim Aufspielen der Freifunk-Firmware.<\/p>\n\n\n\n<p>Am zuk\u00fcnftigen Standort angekommen sind nur noch zwei Dinge zu tun. Die (meistens blaue) WAN-Buchse des Freifunk-Routers muss mittels des beiliegenden Netzwerkkabels mit einer (meistens gelben) LAN-Buchse des bereits vorhandenen Routers verbunden werden. Der Freifunk-Router wird dann noch mit dem beiliegenden Netzteil mit dem Strom verbunden und eingeschaltet. Es dauert ca. 1 bis 2 Minuten bis der Router gestartet ist. Fertig!<\/p>\n\n\n\n<figure class=\"wp-block-image size-full\"><img decoding=\"async\" loading=\"lazy\" width=\"701\" height=\"460\" src=\"http:\/\/ffdn.int\/wp-content\/uploads\/2023\/10\/02-freifunk-router-angeschlossen1.png\" alt=\"\" class=\"wp-image-191\" srcset=\"http:\/\/ffdn.int\/wp-content\/uploads\/2023\/10\/02-freifunk-router-angeschlossen1.png 701w, http:\/\/ffdn.int\/wp-content\/uploads\/2023\/10\/02-freifunk-router-angeschlossen1-300x197.png 300w\" sizes=\"(max-width: 701px) 100vw, 701px\" \/><\/figure>\n\n\n\n<h3 class=\"wp-block-heading\">Wie funktioniert das dann?<\/h3>\n\n\n\n<p>Der Freifunk Router ist durch eine integrierte Firewall vom eigenen, privaten Netzwerk getrennt. Es ist nicht m\u00f6glich vom Freifunk-Router eine Verbindung in das private lokale Netzwerk aufzubauen. Die einzig m\u00f6gliche Verbindung ist der Aufbau eines sogenannten&nbsp;<a href=\"http:\/\/de.wikipedia.org\/wiki\/Virtual_Private_Network\" target=\"_blank\" rel=\"noreferrer noopener\">VPN Tunnels&nbsp;ACHTUNG! \u2013 Externer Link!<sup><\/sup><\/a>&nbsp;zu unseren Freifunk-Servern.<\/p>\n\n\n\n<p>Die gesamte Kommunikation des Freifunk-Routers l\u00e4uft durch diesen Tunnel. Auch die Zuweisung einer Netzwerk-Adresse (<a href=\"http:\/\/de.wikipedia.org\/wiki\/IP-Adresse\" target=\"_blank\" rel=\"noreferrer noopener\">IP<sup><\/sup><\/a>) durch einen unserer Server erfolgt durch diesen Tunnel. Dadurch erhalten Freifunk-Gastnutzer eine IP-Adresse die dem Freifunk Rheinland e. V. zugeordnet ist und nichts mit dem eigenen, privaten Internetzugang zu tun hat. Der eigentliche Internetzugang wird&nbsp; ausschlie\u00dflich von den Freifunk-Servern zur Verf\u00fcgung gestellt.<\/p>\n\n\n\n<p>Bricht aus irgendeinem Grund die Tunnelverbindung zusammen (z. B. weil die Freifunk-Server nicht erreichbar sind), dann kommt am Freifunk-Router keinerlei Verbindung zustande. D. h. im Fehlerfall kann<strong>keine<\/strong>&nbsp;Kommunikation eines Freifunk-Gastes \u00fcber den eigenen, privaten Router erfolgen. Entweder l\u00e4uft der Datenverkehr \u00fcber die Freifunk-Server oder es funktioniert gar nichts. Im eigenen Netz \u00e4ndert sich nichts und es sind keine Ver\u00e4nderungen bemerkbar.<\/p>\n\n\n\n<figure class=\"wp-block-image size-large is-resized\"><img decoding=\"async\" loading=\"lazy\" src=\"http:\/\/ffdn.int\/wp-content\/uploads\/2023\/10\/03-freiffunk-router-mit-gaesten2-1024x713.png\" alt=\"\" class=\"wp-image-192\" width=\"650\" height=\"452\" srcset=\"http:\/\/ffdn.int\/wp-content\/uploads\/2023\/10\/03-freiffunk-router-mit-gaesten2-1024x713.png 1024w, http:\/\/ffdn.int\/wp-content\/uploads\/2023\/10\/03-freiffunk-router-mit-gaesten2-300x209.png 300w, http:\/\/ffdn.int\/wp-content\/uploads\/2023\/10\/03-freiffunk-router-mit-gaesten2-768x535.png 768w, http:\/\/ffdn.int\/wp-content\/uploads\/2023\/10\/03-freiffunk-router-mit-gaesten2.png 1292w\" sizes=\"(max-width: 650px) 100vw, 650px\" \/><\/figure>\n\n\n\n<p><em>Netzwerkdiagramme: CC-BY 3.0 Felix Bosseler<\/em><\/p>\n","protected":false},"excerpt":{"rendered":"<p>Hier gibt es eine kurze, nicht zu technische \u00dcbersicht \u00fcber die Funktion von Freifunk im eigenen Netzwerk. Der Ist-Zustand im eigenen Netz (vereinfacht) In vielen kleinen Netzwerken, Zuhause oder in der Gastronomie, arbeitet ein WLAN Router. Dieser ist via DSL, V-DSL, Kabel oder einer \u00e4hnlichen Technologien mit dem Internet verbunden. Die Seite mit der Internetanbindung [&hellip;]<\/p>\n","protected":false},"author":1,"featured_media":0,"parent":185,"menu_order":2,"comment_status":"closed","ping_status":"closed","template":"","meta":[],"_links":{"self":[{"href":"http:\/\/ffdn.int\/index.php?rest_route=\/wp\/v2\/pages\/189"}],"collection":[{"href":"http:\/\/ffdn.int\/index.php?rest_route=\/wp\/v2\/pages"}],"about":[{"href":"http:\/\/ffdn.int\/index.php?rest_route=\/wp\/v2\/types\/page"}],"author":[{"embeddable":true,"href":"http:\/\/ffdn.int\/index.php?rest_route=\/wp\/v2\/users\/1"}],"replies":[{"embeddable":true,"href":"http:\/\/ffdn.int\/index.php?rest_route=%2Fwp%2Fv2%2Fcomments&post=189"}],"version-history":[{"count":1,"href":"http:\/\/ffdn.int\/index.php?rest_route=\/wp\/v2\/pages\/189\/revisions"}],"predecessor-version":[{"id":193,"href":"http:\/\/ffdn.int\/index.php?rest_route=\/wp\/v2\/pages\/189\/revisions\/193"}],"up":[{"embeddable":true,"href":"http:\/\/ffdn.int\/index.php?rest_route=\/wp\/v2\/pages\/185"}],"wp:attachment":[{"href":"http:\/\/ffdn.int\/index.php?rest_route=%2Fwp%2Fv2%2Fmedia&parent=189"}],"curies":[{"name":"wp","href":"https:\/\/api.w.org\/{rel}","templated":true}]}}